{"id":9,"date":"2016-03-04T11:03:47","date_gmt":"2016-03-04T10:03:47","guid":{"rendered":"http:\/\/localhost:8888\/Run&#038;Dance\/website\/?page_id=9"},"modified":"2022-06-17T08:53:44","modified_gmt":"2022-06-17T07:53:44","slug":"infos-pratiques","status":"publish","type":"page","link":"https:\/\/acse-strasbourg.eu\/countryrace\/infos-pratiques\/","title":{"rendered":"Infos pratiques"},"content":{"rendered":"","protected":false},"excerpt":{"rendered":"","protected":false},"author":1,"featured_media":0,"parent":0,"menu_order":0,"comment_status":"closed","ping_status":"closed","template":"template-pratiques.php","meta":{"footnotes":""},"yoast_head":"<!-- This site is optimized with the Yoast SEO plugin v20.3 - https:\/\/yoast.com\/wordpress\/plugins\/seo\/ -->\n<title>Infos pratiques &ndash; Xtrem Country Race<\/title>\n<meta name=\"description\" content=\"Toutes les infos pratiques sur l\u2019Xtrem Country Race !Une course \u00e0 obstacles 100% nature, 100% fun proposant deux \u00e9preuves sur un parcours de 7km dans la commune de Lipsheim situ\u00e9e \u00e0 15 kilom\u00e8tres au sud de Strasbourg !\" \/>\n<meta name=\"robots\" content=\"index, follow, max-snippet:-1, max-image-preview:large, max-video-preview:-1\" \/>\n<link rel=\"canonical\" href=\"https:\/\/acse-strasbourg.eu\/countryrace\/infos-pratiques\/\" \/>\n<meta property=\"og:locale\" content=\"fr_FR\" \/>\n<meta property=\"og:type\" content=\"article\" \/>\n<meta property=\"og:title\" content=\"Infos pratiques &ndash; Xtrem Country Race\" \/>\n<meta property=\"og:description\" content=\"Toutes les infos pratiques sur l\u2019Xtrem Country Race !Une course \u00e0 obstacles 100% nature, 100% fun proposant deux \u00e9preuves sur un parcours de 7km dans la commune de Lipsheim situ\u00e9e \u00e0 15 kilom\u00e8tres au sud de Strasbourg !\" \/>\n<meta property=\"og:url\" content=\"https:\/\/acse-strasbourg.eu\/countryrace\/infos-pratiques\/\" \/>\n<meta property=\"og:site_name\" content=\"Xtrem Country Race\" \/>\n<meta property=\"article:publisher\" content=\"https:\/\/www.facebook.com\/ekidenstrasbourg\/\" \/>\n<meta property=\"article:modified_time\" content=\"2022-06-17T07:53:44+00:00\" \/>\n<meta name=\"twitter:card\" content=\"summary_large_image\" \/>\n<script type=\"application\/ld+json\" class=\"yoast-schema-graph\">{\"@context\":\"https:\/\/schema.org\",\"@graph\":[{\"@type\":\"WebPage\",\"@id\":\"https:\/\/acse-strasbourg.eu\/countryrace\/infos-pratiques\/\",\"url\":\"https:\/\/acse-strasbourg.eu\/countryrace\/infos-pratiques\/\",\"name\":\"Infos pratiques &ndash; Xtrem Country Race\",\"isPartOf\":{\"@id\":\"https:\/\/acse-strasbourg.eu\/countryrace\/#website\"},\"datePublished\":\"2016-03-04T10:03:47+00:00\",\"dateModified\":\"2022-06-17T07:53:44+00:00\",\"description\":\"Toutes les infos pratiques sur l\u2019Xtrem Country Race !Une course \u00e0 obstacles 100% nature, 100% fun proposant deux \u00e9preuves sur un parcours de 7km dans la commune de Lipsheim situ\u00e9e \u00e0 15 kilom\u00e8tres au sud de Strasbourg !\",\"breadcrumb\":{\"@id\":\"https:\/\/acse-strasbourg.eu\/countryrace\/infos-pratiques\/#breadcrumb\"},\"inLanguage\":\"fr-FR\",\"potentialAction\":[{\"@type\":\"ReadAction\",\"target\":[\"https:\/\/acse-strasbourg.eu\/countryrace\/infos-pratiques\/\"]}]},{\"@type\":\"BreadcrumbList\",\"@id\":\"https:\/\/acse-strasbourg.eu\/countryrace\/infos-pratiques\/#breadcrumb\",\"itemListElement\":[{\"@type\":\"ListItem\",\"position\":1,\"name\":\"Accueil\",\"item\":\"https:\/\/acse-strasbourg.eu\/countryrace\/\"},{\"@type\":\"ListItem\",\"position\":2,\"name\":\"Infos pratiques\"}]},{\"@type\":\"WebSite\",\"@id\":\"https:\/\/acse-strasbourg.eu\/countryrace\/#website\",\"url\":\"https:\/\/acse-strasbourg.eu\/countryrace\/\",\"name\":\"Xtrem Country Race\",\"description\":\"\",\"potentialAction\":[{\"@type\":\"SearchAction\",\"target\":{\"@type\":\"EntryPoint\",\"urlTemplate\":\"https:\/\/acse-strasbourg.eu\/countryrace\/?s={search_term_string}\"},\"query-input\":\"required name=search_term_string\"}],\"inLanguage\":\"fr-FR\"}]}<\/script>\n<!-- \/ Yoast SEO plugin. -->","yoast_head_json":{"title":"Infos pratiques &ndash; Xtrem Country Race","description":"Toutes les infos pratiques sur l\u2019Xtrem Country Race !Une course \u00e0 obstacles 100% nature, 100% fun proposant deux \u00e9preuves sur un parcours de 7km dans la commune de Lipsheim situ\u00e9e \u00e0 15 kilom\u00e8tres au sud de Strasbourg !","robots":{"index":"index","follow":"follow","max-snippet":"max-snippet:-1","max-image-preview":"max-image-preview:large","max-video-preview":"max-video-preview:-1"},"canonical":"https:\/\/acse-strasbourg.eu\/countryrace\/infos-pratiques\/","og_locale":"fr_FR","og_type":"article","og_title":"Infos pratiques &ndash; Xtrem Country Race","og_description":"Toutes les infos pratiques sur l\u2019Xtrem Country Race !Une course \u00e0 obstacles 100% nature, 100% fun proposant deux \u00e9preuves sur un parcours de 7km dans la commune de Lipsheim situ\u00e9e \u00e0 15 kilom\u00e8tres au sud de Strasbourg !","og_url":"https:\/\/acse-strasbourg.eu\/countryrace\/infos-pratiques\/","og_site_name":"Xtrem Country Race","article_publisher":"https:\/\/www.facebook.com\/ekidenstrasbourg\/","article_modified_time":"2022-06-17T07:53:44+00:00","twitter_card":"summary_large_image","schema":{"@context":"https:\/\/schema.org","@graph":[{"@type":"WebPage","@id":"https:\/\/acse-strasbourg.eu\/countryrace\/infos-pratiques\/","url":"https:\/\/acse-strasbourg.eu\/countryrace\/infos-pratiques\/","name":"Infos pratiques &ndash; Xtrem Country Race","isPartOf":{"@id":"https:\/\/acse-strasbourg.eu\/countryrace\/#website"},"datePublished":"2016-03-04T10:03:47+00:00","dateModified":"2022-06-17T07:53:44+00:00","description":"Toutes les infos pratiques sur l\u2019Xtrem Country Race !Une course \u00e0 obstacles 100% nature, 100% fun proposant deux \u00e9preuves sur un parcours de 7km dans la commune de Lipsheim situ\u00e9e \u00e0 15 kilom\u00e8tres au sud de Strasbourg !","breadcrumb":{"@id":"https:\/\/acse-strasbourg.eu\/countryrace\/infos-pratiques\/#breadcrumb"},"inLanguage":"fr-FR","potentialAction":[{"@type":"ReadAction","target":["https:\/\/acse-strasbourg.eu\/countryrace\/infos-pratiques\/"]}]},{"@type":"BreadcrumbList","@id":"https:\/\/acse-strasbourg.eu\/countryrace\/infos-pratiques\/#breadcrumb","itemListElement":[{"@type":"ListItem","position":1,"name":"Accueil","item":"https:\/\/acse-strasbourg.eu\/countryrace\/"},{"@type":"ListItem","position":2,"name":"Infos pratiques"}]},{"@type":"WebSite","@id":"https:\/\/acse-strasbourg.eu\/countryrace\/#website","url":"https:\/\/acse-strasbourg.eu\/countryrace\/","name":"Xtrem Country Race","description":"","potentialAction":[{"@type":"SearchAction","target":{"@type":"EntryPoint","urlTemplate":"https:\/\/acse-strasbourg.eu\/countryrace\/?s={search_term_string}"},"query-input":"required name=search_term_string"}],"inLanguage":"fr-FR"}]}},"_links":{"self":[{"href":"https:\/\/acse-strasbourg.eu\/countryrace\/wp-json\/wp\/v2\/pages\/9"}],"collection":[{"href":"https:\/\/acse-strasbourg.eu\/countryrace\/wp-json\/wp\/v2\/pages"}],"about":[{"href":"https:\/\/acse-strasbourg.eu\/countryrace\/wp-json\/wp\/v2\/types\/page"}],"author":[{"embeddable":true,"href":"https:\/\/acse-strasbourg.eu\/countryrace\/wp-json\/wp\/v2\/users\/1"}],"replies":[{"embeddable":true,"href":"https:\/\/acse-strasbourg.eu\/countryrace\/wp-json\/wp\/v2\/comments?post=9"}],"version-history":[{"count":16,"href":"https:\/\/acse-strasbourg.eu\/countryrace\/wp-json\/wp\/v2\/pages\/9\/revisions"}],"predecessor-version":[{"id":847,"href":"https:\/\/acse-strasbourg.eu\/countryrace\/wp-json\/wp\/v2\/pages\/9\/revisions\/847"}],"wp:attachment":[{"href":"https:\/\/acse-strasbourg.eu\/countryrace\/wp-json\/wp\/v2\/media?parent=9"}],"curies":[{"name":"wp","href":"https:\/\/api.w.org\/{rel}","templated":true}]}}