{"id":7,"date":"2016-03-04T11:03:36","date_gmt":"2016-03-04T10:03:36","guid":{"rendered":"http:\/\/localhost:8888\/Run&#038;Dance\/website\/?page_id=7"},"modified":"2023-03-23T09:25:08","modified_gmt":"2023-03-23T08:25:08","slug":"lepreuve","status":"publish","type":"page","link":"https:\/\/acse-strasbourg.eu\/countryrace\/lepreuve\/","title":{"rendered":"Les \u00e9preuves"},"content":{"rendered":"","protected":false},"excerpt":{"rendered":"","protected":false},"author":1,"featured_media":0,"parent":0,"menu_order":0,"comment_status":"closed","ping_status":"closed","template":"template-courses.php","meta":{"footnotes":""},"yoast_head":"<!-- This site is optimized with the Yoast SEO plugin v20.3 - https:\/\/yoast.com\/wordpress\/plugins\/seo\/ -->\n<title>Les \u00e9preuves &ndash; Xtrem Country Race<\/title>\n<meta name=\"description\" content=\"L\u2019Xtrem Country Race est course \u00e0 obstacles 100% nature, 100% fun proposant une \u00e9preuve sur un parcours de 7km dans la commune de Lipsheim situ\u00e9e \u00e0 15 kilom\u00e8tres au sud de Strasbourg\" \/>\n<meta name=\"robots\" content=\"index, follow, max-snippet:-1, max-image-preview:large, max-video-preview:-1\" \/>\n<link rel=\"canonical\" href=\"https:\/\/acse-strasbourg.eu\/countryrace\/lepreuve\/\" \/>\n<meta property=\"og:locale\" content=\"fr_FR\" \/>\n<meta property=\"og:type\" content=\"article\" \/>\n<meta property=\"og:title\" content=\"Les \u00e9preuves &ndash; Xtrem Country Race\" \/>\n<meta property=\"og:description\" content=\"L\u2019Xtrem Country Race est course \u00e0 obstacles 100% nature, 100% fun proposant une \u00e9preuve sur un parcours de 7km dans la commune de Lipsheim situ\u00e9e \u00e0 15 kilom\u00e8tres au sud de Strasbourg\" \/>\n<meta property=\"og:url\" content=\"https:\/\/acse-strasbourg.eu\/countryrace\/lepreuve\/\" \/>\n<meta property=\"og:site_name\" content=\"Xtrem Country Race\" \/>\n<meta property=\"article:publisher\" content=\"https:\/\/www.facebook.com\/ekidenstrasbourg\/\" \/>\n<meta property=\"article:modified_time\" content=\"2023-03-23T08:25:08+00:00\" \/>\n<meta name=\"twitter:card\" content=\"summary_large_image\" \/>\n<script type=\"application\/ld+json\" class=\"yoast-schema-graph\">{\"@context\":\"https:\/\/schema.org\",\"@graph\":[{\"@type\":\"WebPage\",\"@id\":\"https:\/\/acse-strasbourg.eu\/countryrace\/lepreuve\/\",\"url\":\"https:\/\/acse-strasbourg.eu\/countryrace\/lepreuve\/\",\"name\":\"Les \u00e9preuves &ndash; Xtrem Country Race\",\"isPartOf\":{\"@id\":\"https:\/\/acse-strasbourg.eu\/countryrace\/#website\"},\"datePublished\":\"2016-03-04T10:03:36+00:00\",\"dateModified\":\"2023-03-23T08:25:08+00:00\",\"description\":\"L\u2019Xtrem Country Race est course \u00e0 obstacles 100% nature, 100% fun proposant une \u00e9preuve sur un parcours de 7km dans la commune de Lipsheim situ\u00e9e \u00e0 15 kilom\u00e8tres au sud de Strasbourg\",\"breadcrumb\":{\"@id\":\"https:\/\/acse-strasbourg.eu\/countryrace\/lepreuve\/#breadcrumb\"},\"inLanguage\":\"fr-FR\",\"potentialAction\":[{\"@type\":\"ReadAction\",\"target\":[\"https:\/\/acse-strasbourg.eu\/countryrace\/lepreuve\/\"]}]},{\"@type\":\"BreadcrumbList\",\"@id\":\"https:\/\/acse-strasbourg.eu\/countryrace\/lepreuve\/#breadcrumb\",\"itemListElement\":[{\"@type\":\"ListItem\",\"position\":1,\"name\":\"Accueil\",\"item\":\"https:\/\/acse-strasbourg.eu\/countryrace\/\"},{\"@type\":\"ListItem\",\"position\":2,\"name\":\"Les \u00e9preuves\"}]},{\"@type\":\"WebSite\",\"@id\":\"https:\/\/acse-strasbourg.eu\/countryrace\/#website\",\"url\":\"https:\/\/acse-strasbourg.eu\/countryrace\/\",\"name\":\"Xtrem Country Race\",\"description\":\"\",\"potentialAction\":[{\"@type\":\"SearchAction\",\"target\":{\"@type\":\"EntryPoint\",\"urlTemplate\":\"https:\/\/acse-strasbourg.eu\/countryrace\/?s={search_term_string}\"},\"query-input\":\"required name=search_term_string\"}],\"inLanguage\":\"fr-FR\"}]}<\/script>\n<!-- \/ Yoast SEO plugin. -->","yoast_head_json":{"title":"Les \u00e9preuves &ndash; Xtrem Country Race","description":"L\u2019Xtrem Country Race est course \u00e0 obstacles 100% nature, 100% fun proposant une \u00e9preuve sur un parcours de 7km dans la commune de Lipsheim situ\u00e9e \u00e0 15 kilom\u00e8tres au sud de Strasbourg","robots":{"index":"index","follow":"follow","max-snippet":"max-snippet:-1","max-image-preview":"max-image-preview:large","max-video-preview":"max-video-preview:-1"},"canonical":"https:\/\/acse-strasbourg.eu\/countryrace\/lepreuve\/","og_locale":"fr_FR","og_type":"article","og_title":"Les \u00e9preuves &ndash; Xtrem Country Race","og_description":"L\u2019Xtrem Country Race est course \u00e0 obstacles 100% nature, 100% fun proposant une \u00e9preuve sur un parcours de 7km dans la commune de Lipsheim situ\u00e9e \u00e0 15 kilom\u00e8tres au sud de Strasbourg","og_url":"https:\/\/acse-strasbourg.eu\/countryrace\/lepreuve\/","og_site_name":"Xtrem Country Race","article_publisher":"https:\/\/www.facebook.com\/ekidenstrasbourg\/","article_modified_time":"2023-03-23T08:25:08+00:00","twitter_card":"summary_large_image","schema":{"@context":"https:\/\/schema.org","@graph":[{"@type":"WebPage","@id":"https:\/\/acse-strasbourg.eu\/countryrace\/lepreuve\/","url":"https:\/\/acse-strasbourg.eu\/countryrace\/lepreuve\/","name":"Les \u00e9preuves &ndash; Xtrem Country Race","isPartOf":{"@id":"https:\/\/acse-strasbourg.eu\/countryrace\/#website"},"datePublished":"2016-03-04T10:03:36+00:00","dateModified":"2023-03-23T08:25:08+00:00","description":"L\u2019Xtrem Country Race est course \u00e0 obstacles 100% nature, 100% fun proposant une \u00e9preuve sur un parcours de 7km dans la commune de Lipsheim situ\u00e9e \u00e0 15 kilom\u00e8tres au sud de Strasbourg","breadcrumb":{"@id":"https:\/\/acse-strasbourg.eu\/countryrace\/lepreuve\/#breadcrumb"},"inLanguage":"fr-FR","potentialAction":[{"@type":"ReadAction","target":["https:\/\/acse-strasbourg.eu\/countryrace\/lepreuve\/"]}]},{"@type":"BreadcrumbList","@id":"https:\/\/acse-strasbourg.eu\/countryrace\/lepreuve\/#breadcrumb","itemListElement":[{"@type":"ListItem","position":1,"name":"Accueil","item":"https:\/\/acse-strasbourg.eu\/countryrace\/"},{"@type":"ListItem","position":2,"name":"Les \u00e9preuves"}]},{"@type":"WebSite","@id":"https:\/\/acse-strasbourg.eu\/countryrace\/#website","url":"https:\/\/acse-strasbourg.eu\/countryrace\/","name":"Xtrem Country Race","description":"","potentialAction":[{"@type":"SearchAction","target":{"@type":"EntryPoint","urlTemplate":"https:\/\/acse-strasbourg.eu\/countryrace\/?s={search_term_string}"},"query-input":"required name=search_term_string"}],"inLanguage":"fr-FR"}]}},"_links":{"self":[{"href":"https:\/\/acse-strasbourg.eu\/countryrace\/wp-json\/wp\/v2\/pages\/7"}],"collection":[{"href":"https:\/\/acse-strasbourg.eu\/countryrace\/wp-json\/wp\/v2\/pages"}],"about":[{"href":"https:\/\/acse-strasbourg.eu\/countryrace\/wp-json\/wp\/v2\/types\/page"}],"author":[{"embeddable":true,"href":"https:\/\/acse-strasbourg.eu\/countryrace\/wp-json\/wp\/v2\/users\/1"}],"replies":[{"embeddable":true,"href":"https:\/\/acse-strasbourg.eu\/countryrace\/wp-json\/wp\/v2\/comments?post=7"}],"version-history":[{"count":67,"href":"https:\/\/acse-strasbourg.eu\/countryrace\/wp-json\/wp\/v2\/pages\/7\/revisions"}],"predecessor-version":[{"id":870,"href":"https:\/\/acse-strasbourg.eu\/countryrace\/wp-json\/wp\/v2\/pages\/7\/revisions\/870"}],"wp:attachment":[{"href":"https:\/\/acse-strasbourg.eu\/countryrace\/wp-json\/wp\/v2\/media?parent=7"}],"curies":[{"name":"wp","href":"https:\/\/api.w.org\/{rel}","templated":true}]}}