{"id":5,"date":"2016-03-04T11:03:27","date_gmt":"2016-03-04T10:03:27","guid":{"rendered":"http:\/\/localhost:8888\/Run&#038;Dance\/website\/?page_id=5"},"modified":"2023-05-16T08:37:33","modified_gmt":"2023-05-16T07:37:33","slug":"accueil","status":"publish","type":"page","link":"https:\/\/acse-strasbourg.eu\/countryrace\/","title":{"rendered":"Accueil"},"content":{"rendered":"","protected":false},"excerpt":{"rendered":"","protected":false},"author":14,"featured_media":0,"parent":0,"menu_order":0,"comment_status":"closed","ping_status":"closed","template":"template-home.php","meta":{"footnotes":""},"yoast_head":"<!-- This site is optimized with the Yoast SEO plugin v20.3 - https:\/\/yoast.com\/wordpress\/plugins\/seo\/ -->\n<title>Xtrem Country Race : 19 juin 2022 - Course \u00e0 obstacles \u00e0 Lipsheim<\/title>\n<meta name=\"description\" content=\"L\u2019Xtrem Country Race est une course \u00e0 obstacles 100% nature et fun \u00e0 Lipsheim \u00e0 15km au sud de Strasbourg. Rendez-vous le 19 juin 2022 !\" \/>\n<meta name=\"robots\" content=\"index, follow, max-snippet:-1, max-image-preview:large, max-video-preview:-1\" \/>\n<link rel=\"canonical\" href=\"https:\/\/acse-strasbourg.eu\/countryrace\/\" \/>\n<meta property=\"og:locale\" content=\"fr_FR\" \/>\n<meta property=\"og:type\" content=\"article\" \/>\n<meta property=\"og:title\" content=\"Xtrem Country Race : 19 juin 2022 - Course \u00e0 obstacles \u00e0 Lipsheim\" \/>\n<meta property=\"og:description\" content=\"L\u2019Xtrem Country Race est une course \u00e0 obstacles 100% nature et fun \u00e0 Lipsheim \u00e0 15km au sud de Strasbourg. Rendez-vous le 19 juin 2022 !\" \/>\n<meta property=\"og:url\" content=\"https:\/\/acse-strasbourg.eu\/countryrace\/\" \/>\n<meta property=\"og:site_name\" content=\"Xtrem Country Race\" \/>\n<meta property=\"article:publisher\" content=\"https:\/\/www.facebook.com\/ekidenstrasbourg\/\" \/>\n<meta property=\"article:modified_time\" content=\"2023-05-16T07:37:33+00:00\" \/>\n<meta name=\"twitter:card\" content=\"summary_large_image\" \/>\n<script type=\"application\/ld+json\" class=\"yoast-schema-graph\">{\"@context\":\"https:\/\/schema.org\",\"@graph\":[{\"@type\":\"WebPage\",\"@id\":\"https:\/\/acse-strasbourg.eu\/countryrace\/\",\"url\":\"https:\/\/acse-strasbourg.eu\/countryrace\/\",\"name\":\"Xtrem Country Race : 19 juin 2022 - Course \u00e0 obstacles \u00e0 Lipsheim\",\"isPartOf\":{\"@id\":\"https:\/\/acse-strasbourg.eu\/countryrace\/#website\"},\"datePublished\":\"2016-03-04T10:03:27+00:00\",\"dateModified\":\"2023-05-16T07:37:33+00:00\",\"description\":\"L\u2019Xtrem Country Race est une course \u00e0 obstacles 100% nature et fun \u00e0 Lipsheim \u00e0 15km au sud de Strasbourg. Rendez-vous le 19 juin 2022 !\",\"breadcrumb\":{\"@id\":\"https:\/\/acse-strasbourg.eu\/countryrace\/#breadcrumb\"},\"inLanguage\":\"fr-FR\",\"potentialAction\":[{\"@type\":\"ReadAction\",\"target\":[\"https:\/\/acse-strasbourg.eu\/countryrace\/\"]}]},{\"@type\":\"BreadcrumbList\",\"@id\":\"https:\/\/acse-strasbourg.eu\/countryrace\/#breadcrumb\",\"itemListElement\":[{\"@type\":\"ListItem\",\"position\":1,\"name\":\"Accueil\",\"item\":\"https:\/\/acse-strasbourg.eu\/countryrace\/\"},{\"@type\":\"ListItem\",\"position\":2,\"name\":\"Accueil\"}]},{\"@type\":\"WebSite\",\"@id\":\"https:\/\/acse-strasbourg.eu\/countryrace\/#website\",\"url\":\"https:\/\/acse-strasbourg.eu\/countryrace\/\",\"name\":\"Xtrem Country Race\",\"description\":\"\",\"potentialAction\":[{\"@type\":\"SearchAction\",\"target\":{\"@type\":\"EntryPoint\",\"urlTemplate\":\"https:\/\/acse-strasbourg.eu\/countryrace\/?s={search_term_string}\"},\"query-input\":\"required name=search_term_string\"}],\"inLanguage\":\"fr-FR\"}]}<\/script>\n<!-- \/ Yoast SEO plugin. -->","yoast_head_json":{"title":"Xtrem Country Race : 19 juin 2022 - Course \u00e0 obstacles \u00e0 Lipsheim","description":"L\u2019Xtrem Country Race est une course \u00e0 obstacles 100% nature et fun \u00e0 Lipsheim \u00e0 15km au sud de Strasbourg. Rendez-vous le 19 juin 2022 !","robots":{"index":"index","follow":"follow","max-snippet":"max-snippet:-1","max-image-preview":"max-image-preview:large","max-video-preview":"max-video-preview:-1"},"canonical":"https:\/\/acse-strasbourg.eu\/countryrace\/","og_locale":"fr_FR","og_type":"article","og_title":"Xtrem Country Race : 19 juin 2022 - Course \u00e0 obstacles \u00e0 Lipsheim","og_description":"L\u2019Xtrem Country Race est une course \u00e0 obstacles 100% nature et fun \u00e0 Lipsheim \u00e0 15km au sud de Strasbourg. Rendez-vous le 19 juin 2022 !","og_url":"https:\/\/acse-strasbourg.eu\/countryrace\/","og_site_name":"Xtrem Country Race","article_publisher":"https:\/\/www.facebook.com\/ekidenstrasbourg\/","article_modified_time":"2023-05-16T07:37:33+00:00","twitter_card":"summary_large_image","schema":{"@context":"https:\/\/schema.org","@graph":[{"@type":"WebPage","@id":"https:\/\/acse-strasbourg.eu\/countryrace\/","url":"https:\/\/acse-strasbourg.eu\/countryrace\/","name":"Xtrem Country Race : 19 juin 2022 - Course \u00e0 obstacles \u00e0 Lipsheim","isPartOf":{"@id":"https:\/\/acse-strasbourg.eu\/countryrace\/#website"},"datePublished":"2016-03-04T10:03:27+00:00","dateModified":"2023-05-16T07:37:33+00:00","description":"L\u2019Xtrem Country Race est une course \u00e0 obstacles 100% nature et fun \u00e0 Lipsheim \u00e0 15km au sud de Strasbourg. Rendez-vous le 19 juin 2022 !","breadcrumb":{"@id":"https:\/\/acse-strasbourg.eu\/countryrace\/#breadcrumb"},"inLanguage":"fr-FR","potentialAction":[{"@type":"ReadAction","target":["https:\/\/acse-strasbourg.eu\/countryrace\/"]}]},{"@type":"BreadcrumbList","@id":"https:\/\/acse-strasbourg.eu\/countryrace\/#breadcrumb","itemListElement":[{"@type":"ListItem","position":1,"name":"Accueil","item":"https:\/\/acse-strasbourg.eu\/countryrace\/"},{"@type":"ListItem","position":2,"name":"Accueil"}]},{"@type":"WebSite","@id":"https:\/\/acse-strasbourg.eu\/countryrace\/#website","url":"https:\/\/acse-strasbourg.eu\/countryrace\/","name":"Xtrem Country Race","description":"","potentialAction":[{"@type":"SearchAction","target":{"@type":"EntryPoint","urlTemplate":"https:\/\/acse-strasbourg.eu\/countryrace\/?s={search_term_string}"},"query-input":"required name=search_term_string"}],"inLanguage":"fr-FR"}]}},"_links":{"self":[{"href":"https:\/\/acse-strasbourg.eu\/countryrace\/wp-json\/wp\/v2\/pages\/5"}],"collection":[{"href":"https:\/\/acse-strasbourg.eu\/countryrace\/wp-json\/wp\/v2\/pages"}],"about":[{"href":"https:\/\/acse-strasbourg.eu\/countryrace\/wp-json\/wp\/v2\/types\/page"}],"author":[{"embeddable":true,"href":"https:\/\/acse-strasbourg.eu\/countryrace\/wp-json\/wp\/v2\/users\/14"}],"replies":[{"embeddable":true,"href":"https:\/\/acse-strasbourg.eu\/countryrace\/wp-json\/wp\/v2\/comments?post=5"}],"version-history":[{"count":12,"href":"https:\/\/acse-strasbourg.eu\/countryrace\/wp-json\/wp\/v2\/pages\/5\/revisions"}],"predecessor-version":[{"id":862,"href":"https:\/\/acse-strasbourg.eu\/countryrace\/wp-json\/wp\/v2\/pages\/5\/revisions\/862"}],"wp:attachment":[{"href":"https:\/\/acse-strasbourg.eu\/countryrace\/wp-json\/wp\/v2\/media?parent=5"}],"curies":[{"name":"wp","href":"https:\/\/api.w.org\/{rel}","templated":true}]}}