{"id":412,"date":"2016-06-15T08:43:47","date_gmt":"2016-06-15T07:43:47","guid":{"rendered":"http:\/\/lastrasbourgeoise.eu\/?page_id=412"},"modified":"2018-02-24T18:34:41","modified_gmt":"2018-02-24T17:34:41","slug":"mentions-legales","status":"publish","type":"page","link":"https:\/\/acse-strasbourg.eu\/countryrace\/mentions-legales\/","title":{"rendered":"Mentions l\u00e9gales"},"content":{"rendered":"<h2>Identit\u00e9<\/h2>\n<h3>Raison sociale<\/h3>\n<p>Association des courses de Strasbourg Europe<br \/>\n19 rue des Couples<br \/>\n67000 Strasbourg<\/p>\n<p>Contact : contact@runandance.fr<\/p>\n<p><strong>Num\u00e9ro Siret :<\/strong> 539 166 116 00019<br \/>\n<strong>Num\u00e9ro de TVA intracommunautaire :<\/strong> FR 80 539166116<br \/>\n<strong>Num\u00e9ro d\u2019agr\u00e9ment :<\/strong> 67 S 1047<\/p>\n<h3>Num\u00e9ro de t\u00e9l\u00e9phone<\/h3>\n<p>03 88 31 83 83<\/p>\n<h3>Directeur de publication<\/h3>\n<p>Claude Schneider<\/p>\n<h2>H\u00e9bergement<\/h2>\n<p>Ce site web est h\u00e9berg\u00e9 chez <strong>AMEN FRANCE<\/strong><\/p>\n<p>AMEN SASU, 12-14, Rond Point des Champs Elys\u00e9es 75008 Paris<\/p>\n<h2>Cr\u00e9dits<\/h2>\n<p>Le site web a \u00e9t\u00e9 r\u00e9alis\u00e9 en janvier 2018 par Lo\u00efc Herr (<a href=\"http:\/\/www.herrloc.fr\">www.herrloc.fr<\/a>).<\/p>\n<h2>Confidentialit\u00e9<\/h2>\n<p><iframe loading=\"lazy\" style=\"border: 0; height: 200px; width: 600px;\" src=\"http:\/\/herrloc.com\/analytics\/index.php?module=CoreAdminHome&amp;action=optOut&amp;language=fr\" width=\"300\" height=\"150\"><\/iframe><\/p>\n","protected":false},"excerpt":{"rendered":"Identit\u00e9 Raison sociale Association des courses de Strasbourg Europe 19 rue des Couples 67000 Strasbourg Contact : contact@runandance.fr Num\u00e9ro Siret : 539 166 116 00019 Num\u00e9ro de TVA intracommunautaire : FR 80 539166116 Num\u00e9ro d\u2019agr\u00e9ment : 67 S 1047 Num\u00e9ro de t\u00e9l\u00e9phone 03 88 31 83 83 Directeur de publication Claude Schneider H\u00e9bergement Ce site&#8230; <a class=\"view-article\" href=\"https:\/\/acse-strasbourg.eu\/countryrace\/mentions-legales\/\">Voir l&rsquo;article<\/a>","protected":false},"author":1,"featured_media":0,"parent":0,"menu_order":0,"comment_status":"closed","ping_status":"closed","template":"","meta":{"footnotes":""},"yoast_head":"<!-- This site is optimized with the Yoast SEO plugin v20.3 - https:\/\/yoast.com\/wordpress\/plugins\/seo\/ -->\n<title>Mentions l\u00e9gales &ndash; Xtrem Country Race<\/title>\n<meta name=\"robots\" content=\"index, follow, max-snippet:-1, max-image-preview:large, max-video-preview:-1\" \/>\n<link rel=\"canonical\" href=\"https:\/\/acse-strasbourg.eu\/countryrace\/mentions-legales\/\" \/>\n<meta property=\"og:locale\" content=\"fr_FR\" \/>\n<meta property=\"og:type\" content=\"article\" \/>\n<meta property=\"og:title\" content=\"Mentions l\u00e9gales &ndash; Xtrem Country Race\" \/>\n<meta property=\"og:description\" content=\"Identit\u00e9 Raison sociale Association des courses de Strasbourg Europe 19 rue des Couples 67000 Strasbourg Contact : contact@runandance.fr Num\u00e9ro Siret : 539 166 116 00019 Num\u00e9ro de TVA intracommunautaire : FR 80 539166116 Num\u00e9ro d\u2019agr\u00e9ment : 67 S 1047 Num\u00e9ro de t\u00e9l\u00e9phone 03 88 31 83 83 Directeur de publication Claude Schneider H\u00e9bergement Ce site... Voir l&#039;article\" \/>\n<meta property=\"og:url\" content=\"https:\/\/acse-strasbourg.eu\/countryrace\/mentions-legales\/\" \/>\n<meta property=\"og:site_name\" content=\"Xtrem Country Race\" \/>\n<meta property=\"article:publisher\" content=\"https:\/\/www.facebook.com\/ekidenstrasbourg\/\" \/>\n<meta property=\"article:modified_time\" content=\"2018-02-24T17:34:41+00:00\" \/>\n<meta name=\"twitter:card\" content=\"summary_large_image\" \/>\n<script type=\"application\/ld+json\" class=\"yoast-schema-graph\">{\"@context\":\"https:\/\/schema.org\",\"@graph\":[{\"@type\":\"WebPage\",\"@id\":\"https:\/\/acse-strasbourg.eu\/countryrace\/mentions-legales\/\",\"url\":\"https:\/\/acse-strasbourg.eu\/countryrace\/mentions-legales\/\",\"name\":\"Mentions l\u00e9gales &ndash; Xtrem Country Race\",\"isPartOf\":{\"@id\":\"https:\/\/acse-strasbourg.eu\/countryrace\/#website\"},\"datePublished\":\"2016-06-15T07:43:47+00:00\",\"dateModified\":\"2018-02-24T17:34:41+00:00\",\"breadcrumb\":{\"@id\":\"https:\/\/acse-strasbourg.eu\/countryrace\/mentions-legales\/#breadcrumb\"},\"inLanguage\":\"fr-FR\",\"potentialAction\":[{\"@type\":\"ReadAction\",\"target\":[\"https:\/\/acse-strasbourg.eu\/countryrace\/mentions-legales\/\"]}]},{\"@type\":\"BreadcrumbList\",\"@id\":\"https:\/\/acse-strasbourg.eu\/countryrace\/mentions-legales\/#breadcrumb\",\"itemListElement\":[{\"@type\":\"ListItem\",\"position\":1,\"name\":\"Accueil\",\"item\":\"https:\/\/acse-strasbourg.eu\/countryrace\/\"},{\"@type\":\"ListItem\",\"position\":2,\"name\":\"Mentions l\u00e9gales\"}]},{\"@type\":\"WebSite\",\"@id\":\"https:\/\/acse-strasbourg.eu\/countryrace\/#website\",\"url\":\"https:\/\/acse-strasbourg.eu\/countryrace\/\",\"name\":\"Xtrem Country Race\",\"description\":\"\",\"potentialAction\":[{\"@type\":\"SearchAction\",\"target\":{\"@type\":\"EntryPoint\",\"urlTemplate\":\"https:\/\/acse-strasbourg.eu\/countryrace\/?s={search_term_string}\"},\"query-input\":\"required name=search_term_string\"}],\"inLanguage\":\"fr-FR\"}]}<\/script>\n<!-- \/ Yoast SEO plugin. -->","yoast_head_json":{"title":"Mentions l\u00e9gales &ndash; Xtrem Country Race","robots":{"index":"index","follow":"follow","max-snippet":"max-snippet:-1","max-image-preview":"max-image-preview:large","max-video-preview":"max-video-preview:-1"},"canonical":"https:\/\/acse-strasbourg.eu\/countryrace\/mentions-legales\/","og_locale":"fr_FR","og_type":"article","og_title":"Mentions l\u00e9gales &ndash; Xtrem Country Race","og_description":"Identit\u00e9 Raison sociale Association des courses de Strasbourg Europe 19 rue des Couples 67000 Strasbourg Contact : contact@runandance.fr Num\u00e9ro Siret : 539 166 116 00019 Num\u00e9ro de TVA intracommunautaire : FR 80 539166116 Num\u00e9ro d\u2019agr\u00e9ment : 67 S 1047 Num\u00e9ro de t\u00e9l\u00e9phone 03 88 31 83 83 Directeur de publication Claude Schneider H\u00e9bergement Ce site... Voir l'article","og_url":"https:\/\/acse-strasbourg.eu\/countryrace\/mentions-legales\/","og_site_name":"Xtrem Country Race","article_publisher":"https:\/\/www.facebook.com\/ekidenstrasbourg\/","article_modified_time":"2018-02-24T17:34:41+00:00","twitter_card":"summary_large_image","schema":{"@context":"https:\/\/schema.org","@graph":[{"@type":"WebPage","@id":"https:\/\/acse-strasbourg.eu\/countryrace\/mentions-legales\/","url":"https:\/\/acse-strasbourg.eu\/countryrace\/mentions-legales\/","name":"Mentions l\u00e9gales &ndash; Xtrem Country Race","isPartOf":{"@id":"https:\/\/acse-strasbourg.eu\/countryrace\/#website"},"datePublished":"2016-06-15T07:43:47+00:00","dateModified":"2018-02-24T17:34:41+00:00","breadcrumb":{"@id":"https:\/\/acse-strasbourg.eu\/countryrace\/mentions-legales\/#breadcrumb"},"inLanguage":"fr-FR","potentialAction":[{"@type":"ReadAction","target":["https:\/\/acse-strasbourg.eu\/countryrace\/mentions-legales\/"]}]},{"@type":"BreadcrumbList","@id":"https:\/\/acse-strasbourg.eu\/countryrace\/mentions-legales\/#breadcrumb","itemListElement":[{"@type":"ListItem","position":1,"name":"Accueil","item":"https:\/\/acse-strasbourg.eu\/countryrace\/"},{"@type":"ListItem","position":2,"name":"Mentions l\u00e9gales"}]},{"@type":"WebSite","@id":"https:\/\/acse-strasbourg.eu\/countryrace\/#website","url":"https:\/\/acse-strasbourg.eu\/countryrace\/","name":"Xtrem Country Race","description":"","potentialAction":[{"@type":"SearchAction","target":{"@type":"EntryPoint","urlTemplate":"https:\/\/acse-strasbourg.eu\/countryrace\/?s={search_term_string}"},"query-input":"required name=search_term_string"}],"inLanguage":"fr-FR"}]}},"_links":{"self":[{"href":"https:\/\/acse-strasbourg.eu\/countryrace\/wp-json\/wp\/v2\/pages\/412"}],"collection":[{"href":"https:\/\/acse-strasbourg.eu\/countryrace\/wp-json\/wp\/v2\/pages"}],"about":[{"href":"https:\/\/acse-strasbourg.eu\/countryrace\/wp-json\/wp\/v2\/types\/page"}],"author":[{"embeddable":true,"href":"https:\/\/acse-strasbourg.eu\/countryrace\/wp-json\/wp\/v2\/users\/1"}],"replies":[{"embeddable":true,"href":"https:\/\/acse-strasbourg.eu\/countryrace\/wp-json\/wp\/v2\/comments?post=412"}],"version-history":[{"count":2,"href":"https:\/\/acse-strasbourg.eu\/countryrace\/wp-json\/wp\/v2\/pages\/412\/revisions"}],"predecessor-version":[{"id":758,"href":"https:\/\/acse-strasbourg.eu\/countryrace\/wp-json\/wp\/v2\/pages\/412\/revisions\/758"}],"wp:attachment":[{"href":"https:\/\/acse-strasbourg.eu\/countryrace\/wp-json\/wp\/v2\/media?parent=412"}],"curies":[{"name":"wp","href":"https:\/\/api.w.org\/{rel}","templated":true}]}}